{"id":3423,"date":"2024-03-04T11:53:20","date_gmt":"2024-03-04T11:53:20","guid":{"rendered":"https:\/\/torresespic.es\/canal-etico\/"},"modified":"2024-03-07T11:33:27","modified_gmt":"2024-03-07T11:33:27","slug":"canal-etico","status":"publish","type":"page","link":"https:\/\/torresespic.es\/fr\/canal-etico\/","title":{"rendered":"Canal \u00e9thique"},"content":{"rendered":"<p>[vc_row css=\u00a0\u00bb.vc_custom_1709553337154{margin-bottom: 40px !important;padding-top: 10% !important;padding-bottom: 3% !important;background-image: url(https:\/\/torresespic.es\/wp-content\/uploads\/2024\/03\/imagen-WEB-CANAL-ETICO-scaled.jpg?id=3407) !important;}\u00a0\u00bb][vc_column][vc_row_inner][vc_column_inner][vc_custom_heading text=\u00a0\u00bbCanal \u00e9thique\u00a0\u00bb font_container=\u00a0\u00bbtag:h1|font_size:58px|text_align:center|color:%23ffffff\u00a0\u00bb google_fonts=\u00a0\u00bbfont_family:Times%20New%20Roman%3Aregular|font_style:400%20italic%3A400%3Aitalic\u00a0\u00bb][vc_custom_heading text=\u00a0\u00bbL&rsquo;\u00e9thique, l&rsquo;excellence et la qualit\u00e9 totale sont des concepts \u00e9troitement li\u00e9s dans notre entreprise.\u00a0\u00bb font_container=\u00a0\u00bbtag:p|font_size:22px|text_align:center|color:%23ffffff\u00a0\u00bb google_fonts=\u00a0\u00bbfont_family:Roboto%3A100%2C100italic%2C300%2C300italic%2Cregular%2Citalic%2C500%2C500italic%2C700%2C700italic%2C900%2C900italic|font_style:300%20light%20regular%3A300%3Anormal\u00a0\u00bb][vc_breadcumb_custom][\/vc_column_inner][\/vc_row_inner][\/vc_column][\/vc_row][vc_row row_content_width=\u00a0\u00bbcontainer\u00a0\u00bb][vc_column][vc_row_inner][vc_column_inner][vc_custom_heading text=\u00a0\u00bbEngagement en mati\u00e8re d&rsquo;\u00e9thique des affaires\u00a0\u00bb font_container=\u00a0\u00bbtag:h4|text_align:center\u00a0\u00bb google_fonts=\u00a0\u00bbfont_family:Times%20New%20Roman%3Aregular|font_style:400%20italic%3A400%3Aitalic\u00a0\u00bb][\/vc_column_inner][\/vc_row_inner][vc_row_inner][vc_column_inner][vc_column_text]<\/p>\n<p style=\"text-align: center;\">Le d\u00e9ploiement de ce canal est un outil par lequel toute consultation ou communication de non-conformit\u00e9, principalement en mati\u00e8re d&rsquo;int\u00e9grit\u00e9 et d&rsquo;\u00e9thique, ou le signalement d&rsquo;\u00e9ventuels comportements irr\u00e9guliers li\u00e9s \u00e0 des infractions p\u00e9nales, \u00e0 des infractions administratives graves ou tr\u00e8s graves ou \u00e0 des infractions au droit de l&rsquo;Union europ\u00e9enne, peut \u00eatre transf\u00e9r\u00e9 de mani\u00e8re confidentielle et m\u00eame anonyme. Droit de l&rsquo;Union europ\u00e9enne.<\/p>\n<p>[\/vc_column_text][vc_empty_space][vc_column_text]<\/p>\n<p style=\"text-align: center;\">Les principales r\u00e9glementations qui favorisent la mise en \u0153uvre d&rsquo;un canal de d\u00e9nonciation et sur lesquelles les m\u00e9canismes appropri\u00e9s pour sa mise en \u0153uvre seront \u00e9tablis r\u00e9sultent de l&rsquo;application de la directive (Union europ\u00e9enne) 2019\/1937 du 23 octobre 2019 sur la protection des lanceurs d&rsquo;alerte et de la loi 2\/2023 du 20 f\u00e9vrier, r\u00e9glementant la protection des personnes qui le signalement des infractions r\u00e9glementaires et la lutte contre la corruption.<\/p>\n<p>[\/vc_column_text][vc_empty_space][vc_column_text]<\/p>\n<p style=\"text-align: center;\"><i><a href=\"https:\/\/suiteadeplus.com\/web\/canal-etico\/registro?id=NcHDwa9c\"><strong>ALLER AU CANAL<\/strong><\/a>\u00a0 <\/i><\/p>\n<p>[\/vc_column_text][vc_empty_space][\/vc_column_inner][\/vc_row_inner][\/vc_column][\/vc_row]<\/p>\n","protected":false},"excerpt":{"rendered":"<p>[vc_row css=\u00a0\u00bb.vc_custom_1709553337154{margin-bottom: 40px !important;padding-top: 10% !important;padding-bottom: 3% !important;background-image: url(https:\/\/torresespic.es\/wp-content\/uploads\/2024\/03\/imagen-WEB-CANAL-ETICO-scaled.jpg?id=3407) !important;}\u00a0\u00bb][vc_column][vc_row_inner][vc_column_inner][vc_custom_heading text=\u00a0\u00bbCanal \u00e9thique\u00a0\u00bb font_container=\u00a0\u00bbtag:h1|font_size:58px|text_align:center|color:%23ffffff\u00a0\u00bb google_fonts=\u00a0\u00bbfont_family:Times%20New%20Roman%3Aregular|font_style:400%20italic%3A400%3Aitalic\u00a0\u00bb][vc_custom_heading text=\u00a0\u00bbL&rsquo;\u00e9thique, l&rsquo;excellence et la qualit\u00e9 totale sont des concepts \u00e9troitement li\u00e9s dans notre entreprise.\u00a0\u00bb font_container=\u00a0\u00bbtag:p|font_size:22px|text_align:center|color:%23ffffff\u00a0\u00bb google_fonts=\u00a0\u00bbfont_family:Roboto%3A100%2C100italic%2C300%2C300italic%2Cregular%2Citalic%2C500%2C500italic%2C700%2C700italic%2C900%2C900italic|font_style:300%20light%20regular%3A300%3Anormal\u00a0\u00bb][vc_breadcumb_custom][\/vc_column_inner][\/vc_row_inner][\/vc_column][\/vc_row][vc_row row_content_width=\u00a0\u00bbcontainer\u00a0\u00bb][vc_column][vc_row_inner][vc_column_inner][vc_custom_heading text=\u00a0\u00bbEngagement en mati\u00e8re d&rsquo;\u00e9thique des affaires\u00a0\u00bb font_container=\u00a0\u00bbtag:h4|text_align:center\u00a0\u00bb google_fonts=\u00a0\u00bbfont_family:Times%20New%20Roman%3Aregular|font_style:400%20italic%3A400%3Aitalic\u00a0\u00bb][\/vc_column_inner][\/vc_row_inner][vc_row_inner][vc_column_inner][vc_column_text] Le d\u00e9ploiement de ce canal est un outil par lequel toute consultation ou communication de non-conformit\u00e9, [&hellip;]<\/p>\n","protected":false},"author":1,"featured_media":0,"parent":0,"menu_order":0,"comment_status":"closed","ping_status":"closed","template":"page-templates\/page-full-width.php","meta":[],"_links":{"self":[{"href":"https:\/\/torresespic.es\/fr\/wp-json\/wp\/v2\/pages\/3423"}],"collection":[{"href":"https:\/\/torresespic.es\/fr\/wp-json\/wp\/v2\/pages"}],"about":[{"href":"https:\/\/torresespic.es\/fr\/wp-json\/wp\/v2\/types\/page"}],"author":[{"embeddable":true,"href":"https:\/\/torresespic.es\/fr\/wp-json\/wp\/v2\/users\/1"}],"replies":[{"embeddable":true,"href":"https:\/\/torresespic.es\/fr\/wp-json\/wp\/v2\/comments?post=3423"}],"version-history":[{"count":8,"href":"https:\/\/torresespic.es\/fr\/wp-json\/wp\/v2\/pages\/3423\/revisions"}],"predecessor-version":[{"id":3430,"href":"https:\/\/torresespic.es\/fr\/wp-json\/wp\/v2\/pages\/3423\/revisions\/3430"}],"wp:attachment":[{"href":"https:\/\/torresespic.es\/fr\/wp-json\/wp\/v2\/media?parent=3423"}],"curies":[{"name":"wp","href":"https:\/\/api.w.org\/{rel}","templated":true}]}}