{"id":567,"date":"2018-07-13T10:02:48","date_gmt":"2018-07-13T10:02:48","guid":{"rendered":"http:\/\/torresespic.tk\/cookies-policy\/"},"modified":"2021-07-16T05:24:38","modified_gmt":"2021-07-16T05:24:38","slug":"politique-de-cookies","status":"publish","type":"page","link":"https:\/\/torresespic.es\/fr\/politique-de-cookies\/","title":{"rendered":"Politique de cookies"},"content":{"rendered":"<p>[vc_row css=\u00a0\u00bb.vc_custom_1531484204496{margin-top: 30px !important;margin-bottom: 30px !important;}\u00a0\u00bb][vc_column][vc_column_text]<\/p>\n<p><strong><em><u>POLITIQUE DE COOKIES<\/u><\/em><\/strong>.<\/p>\n<p><em>Nous utilisons des cookies afin d\u2019am\u00e9liorer l\u2019exp\u00e9rience de l\u2019utilisateur sur notre site web. Les <strong>cookies sont<\/strong> des petits fichiers d\u2019information qui nous permettent de comparer et de comprendre comment nos utilisateurs naviguent \u00e0 travers notre site web, et d\u2019am\u00e9liorer ainsi le processus de navigation. Les cookies que nous utilisons ne gardent aucune donn\u00e9e personnelle, ni aucune sorte d\u2019information qui puisse vous identifier. Pour ne pas recevoir des cookies vous devez configurer votre navigateur Internet pour qu\u2019ils soient effac\u00e9s du disque dur de votre ordinateur, bloqu\u00e9s ou que vous soyez averti de leur installation. Pour conserver la configuration actuelle des cookies, continuez simplement sur le site web.<\/em><\/p>\n<p><em>Pour plus d\u2019information au sujet des cookies et de leur utilisation, veuillez consulter <\/em><em><a href=\"http:\/\/www.aboutcookies.org\">www.aboutcookies.org<\/a><\/em><\/p>\n<p><em>Les types de cookies que nous utilisons<\/em><\/p>\n<ul>\n<li><strong><em>Cookies strictement n\u00e9cessaires:<\/em><\/strong><\/li>\n<\/ul>\n<p><em>Ces cookies sont indispensables pour l\u2019utilisation correcte du site web et pour acc\u00e9der \u00e0 des pages s\u00e9curis\u00e9es. Sans eux, nombreux des services disponibles ne seraient pas possibles.<\/em><\/p>\n<ul>\n<li><strong><em>Cookies de Performance:<\/em><\/strong><\/li>\n<\/ul>\n<p><em>Ces cookies recueillent des renseignements sur la mani\u00e8re dont vous utilisez un site internet, quelles pages vous visitez le plus souvent et les messages d\u2019erreur qui apparaissent. Il s\u2019agit d\u2019information g\u00e9n\u00e9rique et anonyme qui ne contient pas de donn\u00e9es personnelles, ne recueillant pas de renseignements permettant de vous identifier. Ils sont uniquement utilis\u00e9s pour am\u00e9liorer le fonctionnement d\u2019un site internet.<\/em><\/p>\n<p><em>En visitant notre site internet vous acceptez leur installation sur votre dispositif.<\/em><\/p>\n<ul>\n<li><strong><em>Cookies Fonctionnels:<\/em><\/strong><\/li>\n<\/ul>\n<p><em>Ces cookies se souviennent des choix que vous effectuez (votre nom d\u2019utilisateur, votre langue ou votre r\u00e9gion, par exemple) et fournissent des services personnalis\u00e9s sur la base des renseignements et des crit\u00e8res que vous avez fournis volontairement. Ils peuvent m\u00e9moriser les changements que vous avez effectu\u00e9s \u00e0 propos de la taille du texte, la police ou d\u2019autres parties de pages web pouvant \u00eatre personnalis\u00e9es. Ils peuvent \u00e9galement fournir des services que vous avez demand\u00e9s, comme regarder une vid\u00e9o ou \u00e9crire un commentaire sur un blog. Les renseignements recueillis peuvent \u00eatre rendus anonymes. Ils ne peuvent pas remonter jusqu\u2019aux autres sites internet que vous visitez. <\/em><\/p>\n<p><em>En visitant notre site internet vous acceptez leur installation sur votre dispositif.<\/em><\/p>\n<p><strong><em>Comment g\u00e9rer les cookies sur les ordinateurs<\/em><\/strong><\/p>\n<p><em>Pour permettre l\u2019utilisation des cookies de notre site, veuillez suivre les instructions suivantes.<\/em><\/p>\n<p><em>\u00a0<\/em><\/p>\n<ul>\n<li><em>Google Chrome<\/em><\/li>\n<\/ul>\n<ol>\n<li><em>Ouvrez le navigateur, cliquez sur \u201cOutils\u201d dans la partie sup\u00e9rieure et s\u00e9lectionnez \u201coptions\u201d.<\/em><\/li>\n<li><em>Dans options, cliquez sur \u201cconfidentialit\u00e9\u201d.<\/em><\/li>\n<li><em>Cochez \u201cautoriser les sites \u00e0 enregistrer\/lire les donn\u00e9es des cookies\u201d.<\/em><\/li>\n<\/ol>\n<p><em>\u00a0<\/em><\/p>\n<ul>\n<li><em>Microsoft Internet Explorer 6.0, 7.0, 8.0, 9.0<\/em><\/li>\n<\/ul>\n<ol>\n<li><em>Ouvrez le navigateur, cliquez sur \u201coutils\u201d dans la partie sup\u00e9rieure et s\u00e9lectionnez \u00ab\u00a0options\u00a0\u00bb.<\/em><\/li>\n<li><em>V\u00e9rifiez sur \u201cConfidentialit\u00e9\u201d que le niveau de s\u00e9curit\u00e9 choisi est moyen ou inf\u00e9rieur.<\/em><\/li>\n<li><em>Autrement, les cookies seront bloqu\u00e9es.<\/em><\/li>\n<\/ol>\n<p><em>\u00a0<\/em><\/p>\n<ul>\n<li><em>Mozilla Firefox<\/em><\/li>\n<\/ul>\n<ol>\n<li><em>Ouvrez le navigateur, cliquez sur \u201coutils\u201d dans la partie sup\u00e9rieure et s\u00e9lectionnez l\u2019onglet \u201coptions\u201d.<\/em><\/li>\n<li><em>S\u00e9lectionnez Vie Priv\u00e9e<\/em><\/li>\n<li><em>Cliquez sur cookies, et cochez: \u201caccepter les cookies\u201d.<\/em><\/li>\n<\/ol>\n<p><em>\u00a0<\/em><\/p>\n<ul>\n<li><em>Safari<\/em><\/li>\n<\/ul>\n<ol>\n<li><em>Ouvrez le navigateur, cliquez sur \u201coutils\u201d dans la partie sup\u00e9rieure et s\u00e9lectionnez l\u2019onglet \u201coptions\u201d.<\/em><\/li>\n<li><em>Cliquez sur l\u2019onglet \u201cS\u00e9curit\u00e9\u201d et v\u00e9rifiez si l\u2019option \u201cBloquer l\u2019acc\u00e8s des cookies des tierces parties\u201d n\u2019est pas coch\u00e9e.<\/em><\/li>\n<li><em>Cliquez sur \u201caccepter\u201d.<\/em><\/li>\n<\/ol>\n<p><em>\u00a0<\/em><\/p>\n<p><em>L\u2019<strong>installation de cookies sur Mac.<\/strong> <\/em><em>Si vous disposez d\u2019un Mac et vous voulez permettre l\u2019acc\u00e8s des cookies sur votre ordinateur, veuillez suivre les instructions suivantes:<\/em><\/p>\n<ul>\n<li><em>Microsoft Internet Explorer 5.0 en OSX<\/em><\/li>\n<\/ul>\n<ol>\n<li><em>Entrez sur \u201cExplorer\u201d et s\u00e9lectionnez \u201cPr\u00e9f\u00e9rences\u201d sur la barre de navigation.<\/em><\/li>\n<li><em>D\u00e9placez le curseur vers le bas jusqu\u2019\u00e0 voir \u201cCookies\u201d juste sous les fichiers re\u00e7us.<\/em><\/li>\n<li><em>Cochez \u201cNe pas demander\u201d.<\/em><\/li>\n<\/ol>\n<p><em>\u00a0<\/em><\/p>\n<ul>\n<li><em>Safari en OSX<\/em><\/li>\n<\/ul>\n<ol>\n<li><em>Entrez sur Safari et s\u00e9lectionnez \u201cPr\u00e9f\u00e9rences\u201d sur la barre de navigation.<\/em><\/li>\n<li><em>Cliquez sur l\u2019onglet \u201cS\u00e9curit\u00e9\u201d et cochez l\u2019option \u201caccepter cookies\u201d<\/em><\/li>\n<li><em>S\u00e9lectionnez l\u2019option: \u201cAutoriser \u00e0 partir du site web actif uniquement\u201d<\/em><\/li>\n<\/ol>\n<p><em>\u00a0<\/em><\/p>\n<ul>\n<li><em>Mozilla et Netscape en OSX<\/em><\/li>\n<\/ul>\n<ol>\n<li><em>Entrez sur \u201cMozilla\u201d ou \u201cNetscape\u201d et dans la partie sup\u00e9rieure de votre navigateur cochez l\u2019option \u201cPr\u00e9f\u00e9rences\u201d<\/em><\/li>\n<li><em>D\u00e9placez le curseur vers le bas jusqu\u2019\u00e0 voir \u00ab\u00a0Cookies\u00a0\u00bb juste sous \u00ab\u00a0Confidentialit\u00e9 et S\u00e9curit\u00e9\u00a0\u00bb.<\/em><\/li>\n<li><em>Cochez l\u2019option \u201cAutoriser \u00e0 partir du site web actif uniquement\u201d<\/em><\/li>\n<\/ol>\n<p><em>\u00a0<\/em><\/p>\n<ul>\n<li><em>Opera<\/em><\/li>\n<\/ul>\n<ol>\n<li><em>Entrez sur \u201cOpera\u201d et s\u00e9lectionnez \u201cMenu\u201d et \u201cR\u00e9glages\u201d sur la barre de navigation.<\/em><\/li>\n<li><em>S\u00e9lectionnez \u201cPr\u00e9f\u00e9rences\u201d et cliquez sur l\u2019onglet \u201cAvanc\u00e9\u201d.<\/em><\/li>\n<li><em>Cochez l\u2019option \u201cAccepter les cookies\u201d<\/em><\/li>\n<\/ol>\n<p>[\/vc_column_text][\/vc_column][\/vc_row]<\/p>\n","protected":false},"excerpt":{"rendered":"<p>[vc_row css=\u00a0\u00bb.vc_custom_1531484204496{margin-top: 30px !important;margin-bottom: 30px !important;}\u00a0\u00bb][vc_column][vc_column_text] POLITIQUE DE COOKIES. Nous utilisons des cookies afin d\u2019am\u00e9liorer l\u2019exp\u00e9rience de l\u2019utilisateur sur notre site web. Les cookies sont des petits fichiers d\u2019information qui nous permettent de comparer et de comprendre comment nos utilisateurs naviguent \u00e0 travers notre site web, et d\u2019am\u00e9liorer ainsi le processus de navigation. Les cookies [&hellip;]<\/p>\n","protected":false},"author":1,"featured_media":0,"parent":0,"menu_order":0,"comment_status":"closed","ping_status":"closed","template":"","meta":[],"_links":{"self":[{"href":"https:\/\/torresespic.es\/fr\/wp-json\/wp\/v2\/pages\/567"}],"collection":[{"href":"https:\/\/torresespic.es\/fr\/wp-json\/wp\/v2\/pages"}],"about":[{"href":"https:\/\/torresespic.es\/fr\/wp-json\/wp\/v2\/types\/page"}],"author":[{"embeddable":true,"href":"https:\/\/torresespic.es\/fr\/wp-json\/wp\/v2\/users\/1"}],"replies":[{"embeddable":true,"href":"https:\/\/torresespic.es\/fr\/wp-json\/wp\/v2\/comments?post=567"}],"version-history":[{"count":2,"href":"https:\/\/torresespic.es\/fr\/wp-json\/wp\/v2\/pages\/567\/revisions"}],"predecessor-version":[{"id":569,"href":"https:\/\/torresespic.es\/fr\/wp-json\/wp\/v2\/pages\/567\/revisions\/569"}],"wp:attachment":[{"href":"https:\/\/torresespic.es\/fr\/wp-json\/wp\/v2\/media?parent=567"}],"curies":[{"name":"wp","href":"https:\/\/api.w.org\/{rel}","templated":true}]}}