{"id":593,"date":"2018-07-05T16:34:39","date_gmt":"2018-07-05T16:34:39","guid":{"rendered":"http:\/\/torresespic.tk\/productos\/bassic\/"},"modified":"2025-01-21T17:32:53","modified_gmt":"2025-01-21T17:32:53","slug":"bassic","status":"publish","type":"page","link":"https:\/\/torresespic.es\/fr\/produits\/bassic\/","title":{"rendered":"Bassic \u00ae"},"content":{"rendered":"<p>[vc_row css=\u00a0\u00bb.vc_custom_1531467131560{margin-top: 40px !important;margin-bottom: 40px !important;}\u00a0\u00bb][vc_column][vc_row_inner css=\u00a0\u00bb.vc_custom_1531470653209{margin-bottom: 30px !important;}\u00a0\u00bb][vc_column_inner width=\u00a0\u00bb1\/3&Prime;][vc_single_image image=\u00a0\u00bb358&Prime; img_size=\u00a0\u00bbfull\u00a0\u00bb alignment=\u00a0\u00bbcenter\u00a0\u00bb][\/vc_column_inner][vc_column_inner width=\u00a0\u00bb1\/3&Prime;][vc_single_image image=\u00a0\u00bb361&Prime; img_size=\u00a0\u00bbfull\u00a0\u00bb alignment=\u00a0\u00bbcenter\u00a0\u00bb][\/vc_column_inner][vc_column_inner width=\u00a0\u00bb1\/3&Prime;][vc_single_image image=\u00a0\u00bb364&Prime; img_size=\u00a0\u00bbfull\u00a0\u00bb alignment=\u00a0\u00bbcenter\u00a0\u00bb][\/vc_column_inner][\/vc_row_inner][vc_row_inner][vc_column_inner width=\u00a0\u00bb1\/3&Prime;][vc_single_image image=\u00a0\u00bb367&Prime; img_size=\u00a0\u00bbfull\u00a0\u00bb alignment=\u00a0\u00bbcenter\u00a0\u00bb][\/vc_column_inner][vc_column_inner width=\u00a0\u00bb1\/3&Prime;][vc_single_image image=\u00a0\u00bb370&Prime; img_size=\u00a0\u00bbfull\u00a0\u00bb alignment=\u00a0\u00bbcenter\u00a0\u00bb][\/vc_column_inner][vc_column_inner width=\u00a0\u00bb1\/3&Prime;][vc_single_image image=\u00a0\u00bb373&Prime; img_size=\u00a0\u00bbfull\u00a0\u00bb alignment=\u00a0\u00bbcenter\u00a0\u00bb][\/vc_column_inner][\/vc_row_inner][\/vc_column][\/vc_row][vc_row][vc_column][vc_custom_heading text=\u00a0\u00bbMat\u00e9riel en polyur\u00e9thane flexible standard\u00a0\u00bb font_container=\u00a0\u00bbtag:h2|font_size:26px|text_align:left|color:%23000000&Prime; google_fonts=\u00a0\u00bbfont_family:Times%20New%20Roman%3Aregular|font_style:700%20bold%20italic%3A700%3Aitalic\u00a0\u00bb][vc_separator color=\u00a0\u00bbcustom\u00a0\u00bb align=\u00a0\u00bbalign_left\u00a0\u00bb border_width=\u00a0\u00bb4&Prime; accent_color=\u00a0\u00bb#5b84be\u00a0\u00bb el_class=\u00a0\u00bbline&#8211;70&Prime; css=\u00a0\u00bb.vc_custom_1531467141057{margin-bottom: 30px !important;}\u00a0\u00bb][vc_row_inner][vc_column_inner width=\u00a0\u00bb3\/4&Prime;][vc_column_text]Le groupe de mousses flexibles BASSIC\u00ae couvre un large \u00e9ventail de densit\u00e9s et de propri\u00e9t\u00e9s pour leur application dans diff\u00e9rents secteurs comme le meuble tapiss\u00e9, les chaises, le repos et l\u2019emballage.<\/p>\n<p>Soumises \u00e0 un contr\u00f4le de qualit\u00e9 rigoureux en ce qui concerne leurs propri\u00e9t\u00e9s physico- m\u00e9caniques, les mousses BASSIC\u00ae respectent de hauts standards de qualit\u00e9 pour les diff\u00e9rents produits o\u00f9 elles sont appliqu\u00e9es. Pour cela, les mati\u00e8res premi\u00e8res utilis\u00e9es sont certifi\u00e9es et garanties par des fournisseurs de confiance, et les lots fabriqu\u00e9s sont soumis \u00e0 des tests de laboratoire.<\/p>\n<p>Ainsi, outre l\u2019exp\u00e9rience dans le secteur et la fabrication de PU flexible, et notre philosophie de service int\u00e9gral et personnalis\u00e9 au client, nous permet jouir de la confiance de nombreux clients sur le march\u00e9 national et international.[\/vc_column_text][\/vc_column_inner][vc_column_inner width=\u00a0\u00bb1\/4&Prime;][vc_column_text css=\u00a0\u00bb.vc_custom_1531561359354{margin-bottom: 15px !important;}\u00a0\u00bb]<strong>Cat\u00e9gorie:<\/strong> <span style=\"color: #4c92c9;\">Bassic<\/span>[\/vc_column_text][vc_share_custom text=\u00a0\u00bbPARTAGEZ SUR:\u00a0\u00bb title=\u00a0\u00bbCOMPARTIR EN:\u00a0\u00bb][vc_btn title=\u00a0\u00bbT\u00c9L\u00c9CHARGER CERTIFICATS\u00a0\u00bb style=\u00a0\u00bbcustom\u00a0\u00bb custom_background=\u00a0\u00bb#000000&Prime; custom_text=\u00a0\u00bb#ffffff\u00a0\u00bb shape=\u00a0\u00bbsquare\u00a0\u00bb size=\u00a0\u00bbsm\u00a0\u00bb align=\u00a0\u00bbcenter\u00a0\u00bb button_block=\u00a0\u00bbtrue\u00a0\u00bb css=\u00a0\u00bb.vc_custom_1737480770851{margin-top: 20px !important;}\u00a0\u00bb link=\u00a0\u00bburl:https%3A%2F%2Ftorresespic.es%2Fwp-content%2Fuploads%2F2025%2F01%2FCERTIFICADOS-BASSIC-FRANCES25.pdf|target:_blank\u00a0\u00bb][vc_btn title=\u00a0\u00bbT\u00c9L\u00c9CHARGER LES PROPRI\u00c9T\u00c9S PHYSIQUES\u00a0\u00bb style=\u00a0\u00bbcustom\u00a0\u00bb custom_background=\u00a0\u00bb#3e85c1&Prime; custom_text=\u00a0\u00bb#ffffff\u00a0\u00bb shape=\u00a0\u00bbsquare\u00a0\u00bb size=\u00a0\u00bbsm\u00a0\u00bb align=\u00a0\u00bbcenter\u00a0\u00bb button_block=\u00a0\u00bbtrue\u00a0\u00bb link=\u00a0\u00bburl:https%3A%2F%2Ftorresespic.es%2Fwp-content%2Fuploads%2F2021%2F12%2FPROPIEDADES-FISICAS-BASSIC-INGLES21.pdf|target:_blank\u00a0\u00bb][\/vc_column_inner][\/vc_row_inner][\/vc_column][\/vc_row]<\/p>\n","protected":false},"excerpt":{"rendered":"<p>[vc_row css=\u00a0\u00bb.vc_custom_1531467131560{margin-top: 40px !important;margin-bottom: 40px !important;}\u00a0\u00bb][vc_column][vc_row_inner css=\u00a0\u00bb.vc_custom_1531470653209{margin-bottom: 30px !important;}\u00a0\u00bb][vc_column_inner width=\u00a0\u00bb1\/3&Prime;][vc_single_image image=\u00a0\u00bb358&Prime; img_size=\u00a0\u00bbfull\u00a0\u00bb alignment=\u00a0\u00bbcenter\u00a0\u00bb][\/vc_column_inner][vc_column_inner width=\u00a0\u00bb1\/3&Prime;][vc_single_image image=\u00a0\u00bb361&Prime; img_size=\u00a0\u00bbfull\u00a0\u00bb alignment=\u00a0\u00bbcenter\u00a0\u00bb][\/vc_column_inner][vc_column_inner width=\u00a0\u00bb1\/3&Prime;][vc_single_image image=\u00a0\u00bb364&Prime; img_size=\u00a0\u00bbfull\u00a0\u00bb alignment=\u00a0\u00bbcenter\u00a0\u00bb][\/vc_column_inner][\/vc_row_inner][vc_row_inner][vc_column_inner width=\u00a0\u00bb1\/3&Prime;][vc_single_image image=\u00a0\u00bb367&Prime; img_size=\u00a0\u00bbfull\u00a0\u00bb alignment=\u00a0\u00bbcenter\u00a0\u00bb][\/vc_column_inner][vc_column_inner width=\u00a0\u00bb1\/3&Prime;][vc_single_image image=\u00a0\u00bb370&Prime; img_size=\u00a0\u00bbfull\u00a0\u00bb alignment=\u00a0\u00bbcenter\u00a0\u00bb][\/vc_column_inner][vc_column_inner width=\u00a0\u00bb1\/3&Prime;][vc_single_image image=\u00a0\u00bb373&Prime; img_size=\u00a0\u00bbfull\u00a0\u00bb alignment=\u00a0\u00bbcenter\u00a0\u00bb][\/vc_column_inner][\/vc_row_inner][\/vc_column][\/vc_row][vc_row][vc_column][vc_custom_heading text=\u00a0\u00bbMat\u00e9riel en polyur\u00e9thane flexible standard\u00a0\u00bb font_container=\u00a0\u00bbtag:h2|font_size:26px|text_align:left|color:%23000000&Prime; google_fonts=\u00a0\u00bbfont_family:Times%20New%20Roman%3Aregular|font_style:700%20bold%20italic%3A700%3Aitalic\u00a0\u00bb][vc_separator color=\u00a0\u00bbcustom\u00a0\u00bb align=\u00a0\u00bbalign_left\u00a0\u00bb border_width=\u00a0\u00bb4&Prime; accent_color=\u00a0\u00bb#5b84be\u00a0\u00bb el_class=\u00a0\u00bbline&#8211;70&Prime; css=\u00a0\u00bb.vc_custom_1531467141057{margin-bottom: 30px !important;}\u00a0\u00bb][vc_row_inner][vc_column_inner width=\u00a0\u00bb3\/4&Prime;][vc_column_text]Le groupe de mousses flexibles BASSIC\u00ae couvre [&hellip;]<\/p>\n","protected":false},"author":1,"featured_media":0,"parent":589,"menu_order":1,"comment_status":"closed","ping_status":"closed","template":"page-pagination.php","meta":[],"_links":{"self":[{"href":"https:\/\/torresespic.es\/fr\/wp-json\/wp\/v2\/pages\/593"}],"collection":[{"href":"https:\/\/torresespic.es\/fr\/wp-json\/wp\/v2\/pages"}],"about":[{"href":"https:\/\/torresespic.es\/fr\/wp-json\/wp\/v2\/types\/page"}],"author":[{"embeddable":true,"href":"https:\/\/torresespic.es\/fr\/wp-json\/wp\/v2\/users\/1"}],"replies":[{"embeddable":true,"href":"https:\/\/torresespic.es\/fr\/wp-json\/wp\/v2\/comments?post=593"}],"version-history":[{"count":11,"href":"https:\/\/torresespic.es\/fr\/wp-json\/wp\/v2\/pages\/593\/revisions"}],"predecessor-version":[{"id":3963,"href":"https:\/\/torresespic.es\/fr\/wp-json\/wp\/v2\/pages\/593\/revisions\/3963"}],"up":[{"embeddable":true,"href":"https:\/\/torresespic.es\/fr\/wp-json\/wp\/v2\/pages\/589"}],"wp:attachment":[{"href":"https:\/\/torresespic.es\/fr\/wp-json\/wp\/v2\/media?parent=593"}],"curies":[{"name":"wp","href":"https:\/\/api.w.org\/{rel}","templated":true}]}}