{"id":597,"date":"2018-07-05T16:34:59","date_gmt":"2018-07-05T16:34:59","guid":{"rendered":"http:\/\/torresespic.tk\/productos\/resilen\/"},"modified":"2025-01-21T17:42:47","modified_gmt":"2025-01-21T17:42:47","slug":"resilen","status":"publish","type":"page","link":"https:\/\/torresespic.es\/fr\/produits\/resilen\/","title":{"rendered":"Resil\u00e9n \u00ae"},"content":{"rendered":"<p>[vc_row css=\u00a0\u00bb.vc_custom_1531467131560{margin-top: 40px !important;margin-bottom: 40px !important;}\u00a0\u00bb][vc_column][vc_row_inner css=\u00a0\u00bb.vc_custom_1531470653209{margin-bottom: 30px !important;}\u00a0\u00bb][vc_column_inner width=\u00a0\u00bb1\/3&Prime;][vc_single_image image=\u00a0\u00bb404&Prime; img_size=\u00a0\u00bbfull\u00a0\u00bb alignment=\u00a0\u00bbcenter\u00a0\u00bb][\/vc_column_inner][vc_column_inner width=\u00a0\u00bb1\/3&Prime;][vc_single_image image=\u00a0\u00bb407&Prime; img_size=\u00a0\u00bbfull\u00a0\u00bb alignment=\u00a0\u00bbcenter\u00a0\u00bb][\/vc_column_inner][vc_column_inner width=\u00a0\u00bb1\/3&Prime;][vc_single_image image=\u00a0\u00bb392&Prime; img_size=\u00a0\u00bbfull\u00a0\u00bb alignment=\u00a0\u00bbcenter\u00a0\u00bb][\/vc_column_inner][\/vc_row_inner][vc_row_inner][vc_column_inner width=\u00a0\u00bb1\/3&Prime;][vc_single_image image=\u00a0\u00bb395&Prime; img_size=\u00a0\u00bbfull\u00a0\u00bb alignment=\u00a0\u00bbcenter\u00a0\u00bb][\/vc_column_inner][vc_column_inner width=\u00a0\u00bb1\/3&Prime;][vc_single_image image=\u00a0\u00bb398&Prime; img_size=\u00a0\u00bbfull\u00a0\u00bb alignment=\u00a0\u00bbcenter\u00a0\u00bb][\/vc_column_inner][vc_column_inner width=\u00a0\u00bb1\/3&Prime;][vc_single_image image=\u00a0\u00bb401&Prime; img_size=\u00a0\u00bbfull\u00a0\u00bb alignment=\u00a0\u00bbcenter\u00a0\u00bb][\/vc_column_inner][\/vc_row_inner][\/vc_column][\/vc_row][vc_row][vc_column][vc_custom_heading text=\u00a0\u00bbMat\u00e9riel en polyur\u00e9thane flexible de haute r\u00e9silience et qualit\u00e9\u00a0\u00bb font_container=\u00a0\u00bbtag:h2|font_size:26px|text_align:left|color:%23000000&Prime; google_fonts=\u00a0\u00bbfont_family:Times%20New%20Roman%3Aregular|font_style:700%20bold%20italic%3A700%3Aitalic\u00a0\u00bb][vc_separator color=\u00a0\u00bbcustom\u00a0\u00bb align=\u00a0\u00bbalign_left\u00a0\u00bb border_width=\u00a0\u00bb4&Prime; accent_color=\u00a0\u00bb#5b84be\u00a0\u00bb el_class=\u00a0\u00bbline&#8211;70&Prime; css=\u00a0\u00bb.vc_custom_1531467141057{margin-bottom: 30px !important;}\u00a0\u00bb][vc_row_inner][vc_column_inner width=\u00a0\u00bb3\/4&Prime;][vc_column_text]POLYUR\u00c9THANE DE HAUTE \u00c9LASTICIT\u00c9<\/p>\n<p>Technologie et confort se joignent dans cet innovant mat\u00e9riel de polyur\u00e9thane de derni\u00e8re g\u00e9n\u00e9ration, r\u00e9sultat de l\u2019\u00e9tude et la recherche pour obtenir une plus grande \u00e9lasticit\u00e9 et, donc, une durabilit\u00e9 tout au long de son usage.<\/p>\n<p>Le rigoureux processus de fabrication et notre contr\u00f4le de qualit\u00e9, nous permettent de vous offrir une structure l\u00e9g\u00e8re de cellules ouvertes qui garantissent une parfaite transpiration et \u00e9lasticit\u00e9, en acqu\u00e9rant, dans ses diff\u00e9rentes densit\u00e9s et fermet\u00e9s, un haut niveau de confort et des propri\u00e9t\u00e9s optimales pour le repos.<\/p>\n<p>ENGAGEMENT<\/p>\n<p>Fid\u00e8les depuis des ann\u00e9es \u00e0 notre engagement envers l\u2019environnement et \u00e0 une politique de qualit\u00e9 maximale de respect envers la nature, le mat\u00e9riel de polyur\u00e9thane RESIL\u00c9N\u00ae r\u00e9pond \u00e0 de stricts standards de fabrication, en offrant aussi une plus grande garantie et s\u00e9curit\u00e9 face \u00e0 la nocivit\u00e9 de ce mat\u00e9riel.<\/p>\n<p>Ceci est attest\u00e9 par l\u2019accomplissement du certificat Oeko-Tex Standard 100, qui interdit ou limite l\u2019usage de substances toxiques. RESIL\u00c9N\u00ae respecte le niveau plus exigent, c\u2019est-\u00e0-dire, la Classe 1, apte pour b\u00e9b\u00e9s et enfants de 2 ans.[\/vc_column_text][\/vc_column_inner][vc_column_inner width=\u00a0\u00bb1\/4&Prime;][vc_column_text css=\u00a0\u00bb.vc_custom_1531562273868{margin-bottom: 15px !important;}\u00a0\u00bb]<strong>Cat\u00e9gorie:<\/strong> <span style=\"color: #4c92c9;\">Resil\u00e9n<\/span>[\/vc_column_text][vc_share_custom text=\u00a0\u00bbPARTAGEZ SUR:\u00a0\u00bb title=\u00a0\u00bbCOMPARTIR EN:\u00a0\u00bb][vc_btn title=\u00a0\u00bbT\u00c9L\u00c9CHARGER CERTIFICATS\u00a0\u00bb style=\u00a0\u00bbcustom\u00a0\u00bb custom_background=\u00a0\u00bb#000000&Prime; custom_text=\u00a0\u00bb#ffffff\u00a0\u00bb shape=\u00a0\u00bbsquare\u00a0\u00bb size=\u00a0\u00bbsm\u00a0\u00bb align=\u00a0\u00bbcenter\u00a0\u00bb button_block=\u00a0\u00bbtrue\u00a0\u00bb css=\u00a0\u00bb.vc_custom_1737481298314{margin-top: 20px !important;}\u00a0\u00bb link=\u00a0\u00bburl:https%3A%2F%2Ftorresespic.es%2Fwp-content%2Fuploads%2F2025%2F01%2FCERTIFICADOS-RESILEN-FRANCES25.pdf|target:_blank\u00a0\u00bb][vc_btn title=\u00a0\u00bbT\u00c9L\u00c9CHARGER LES PROPRI\u00c9T\u00c9S PHYSIQUES\u00a0\u00bb style=\u00a0\u00bbcustom\u00a0\u00bb custom_background=\u00a0\u00bb#3e85c1&Prime; custom_text=\u00a0\u00bb#ffffff\u00a0\u00bb shape=\u00a0\u00bbsquare\u00a0\u00bb size=\u00a0\u00bbsm\u00a0\u00bb align=\u00a0\u00bbcenter\u00a0\u00bb button_block=\u00a0\u00bbtrue\u00a0\u00bb link=\u00a0\u00bburl:https%3A%2F%2Ftorresespic.es%2Fwp-content%2Fuploads%2F2021%2F12%2FPROPIEDADES-FISICAS-RESILEN-INGLES21-1.pdf|target:_blank\u00a0\u00bb][\/vc_column_inner][\/vc_row_inner][\/vc_column][\/vc_row]<\/p>\n","protected":false},"excerpt":{"rendered":"<p>[vc_row css=\u00a0\u00bb.vc_custom_1531467131560{margin-top: 40px !important;margin-bottom: 40px !important;}\u00a0\u00bb][vc_column][vc_row_inner css=\u00a0\u00bb.vc_custom_1531470653209{margin-bottom: 30px !important;}\u00a0\u00bb][vc_column_inner width=\u00a0\u00bb1\/3&Prime;][vc_single_image image=\u00a0\u00bb404&Prime; img_size=\u00a0\u00bbfull\u00a0\u00bb alignment=\u00a0\u00bbcenter\u00a0\u00bb][\/vc_column_inner][vc_column_inner width=\u00a0\u00bb1\/3&Prime;][vc_single_image image=\u00a0\u00bb407&Prime; img_size=\u00a0\u00bbfull\u00a0\u00bb alignment=\u00a0\u00bbcenter\u00a0\u00bb][\/vc_column_inner][vc_column_inner width=\u00a0\u00bb1\/3&Prime;][vc_single_image image=\u00a0\u00bb392&Prime; img_size=\u00a0\u00bbfull\u00a0\u00bb alignment=\u00a0\u00bbcenter\u00a0\u00bb][\/vc_column_inner][\/vc_row_inner][vc_row_inner][vc_column_inner width=\u00a0\u00bb1\/3&Prime;][vc_single_image image=\u00a0\u00bb395&Prime; img_size=\u00a0\u00bbfull\u00a0\u00bb alignment=\u00a0\u00bbcenter\u00a0\u00bb][\/vc_column_inner][vc_column_inner width=\u00a0\u00bb1\/3&Prime;][vc_single_image image=\u00a0\u00bb398&Prime; img_size=\u00a0\u00bbfull\u00a0\u00bb alignment=\u00a0\u00bbcenter\u00a0\u00bb][\/vc_column_inner][vc_column_inner width=\u00a0\u00bb1\/3&Prime;][vc_single_image image=\u00a0\u00bb401&Prime; img_size=\u00a0\u00bbfull\u00a0\u00bb alignment=\u00a0\u00bbcenter\u00a0\u00bb][\/vc_column_inner][\/vc_row_inner][\/vc_column][\/vc_row][vc_row][vc_column][vc_custom_heading text=\u00a0\u00bbMat\u00e9riel en polyur\u00e9thane flexible de haute r\u00e9silience et qualit\u00e9\u00a0\u00bb font_container=\u00a0\u00bbtag:h2|font_size:26px|text_align:left|color:%23000000&Prime; google_fonts=\u00a0\u00bbfont_family:Times%20New%20Roman%3Aregular|font_style:700%20bold%20italic%3A700%3Aitalic\u00a0\u00bb][vc_separator color=\u00a0\u00bbcustom\u00a0\u00bb align=\u00a0\u00bbalign_left\u00a0\u00bb border_width=\u00a0\u00bb4&Prime; accent_color=\u00a0\u00bb#5b84be\u00a0\u00bb el_class=\u00a0\u00bbline&#8211;70&Prime; css=\u00a0\u00bb.vc_custom_1531467141057{margin-bottom: 30px !important;}\u00a0\u00bb][vc_row_inner][vc_column_inner width=\u00a0\u00bb3\/4&Prime;][vc_column_text]POLYUR\u00c9THANE DE HAUTE [&hellip;]<\/p>\n","protected":false},"author":1,"featured_media":0,"parent":589,"menu_order":2,"comment_status":"closed","ping_status":"closed","template":"page-pagination.php","meta":[],"_links":{"self":[{"href":"https:\/\/torresespic.es\/fr\/wp-json\/wp\/v2\/pages\/597"}],"collection":[{"href":"https:\/\/torresespic.es\/fr\/wp-json\/wp\/v2\/pages"}],"about":[{"href":"https:\/\/torresespic.es\/fr\/wp-json\/wp\/v2\/types\/page"}],"author":[{"embeddable":true,"href":"https:\/\/torresespic.es\/fr\/wp-json\/wp\/v2\/users\/1"}],"replies":[{"embeddable":true,"href":"https:\/\/torresespic.es\/fr\/wp-json\/wp\/v2\/comments?post=597"}],"version-history":[{"count":14,"href":"https:\/\/torresespic.es\/fr\/wp-json\/wp\/v2\/pages\/597\/revisions"}],"predecessor-version":[{"id":3975,"href":"https:\/\/torresespic.es\/fr\/wp-json\/wp\/v2\/pages\/597\/revisions\/3975"}],"up":[{"embeddable":true,"href":"https:\/\/torresespic.es\/fr\/wp-json\/wp\/v2\/pages\/589"}],"wp:attachment":[{"href":"https:\/\/torresespic.es\/fr\/wp-json\/wp\/v2\/media?parent=597"}],"curies":[{"name":"wp","href":"https:\/\/api.w.org\/{rel}","templated":true}]}}