{"id":601,"date":"2018-07-05T16:35:27","date_gmt":"2018-07-05T16:35:27","guid":{"rendered":"http:\/\/torresespic.tk\/productos\/ikon\/"},"modified":"2025-01-21T17:38:26","modified_gmt":"2025-01-21T17:38:26","slug":"ikon","status":"publish","type":"page","link":"https:\/\/torresespic.es\/fr\/produits\/ikon\/","title":{"rendered":"Ikon \u00ae"},"content":{"rendered":"<p>[vc_row css=\u00a0\u00bb.vc_custom_1531467131560{margin-top: 40px !important;margin-bottom: 40px !important;}\u00a0\u00bb][vc_column][vc_row_inner css=\u00a0\u00bb.vc_custom_1531470653209{margin-bottom: 30px !important;}\u00a0\u00bb][vc_column_inner width=\u00a0\u00bb1\/3&Prime;][vc_single_image image=\u00a0\u00bb411&Prime; img_size=\u00a0\u00bbfull\u00a0\u00bb alignment=\u00a0\u00bbcenter\u00a0\u00bb][\/vc_column_inner][vc_column_inner width=\u00a0\u00bb1\/3&Prime;][vc_single_image image=\u00a0\u00bb414&Prime; img_size=\u00a0\u00bbfull\u00a0\u00bb alignment=\u00a0\u00bbcenter\u00a0\u00bb][\/vc_column_inner][vc_column_inner width=\u00a0\u00bb1\/3&Prime;][vc_single_image image=\u00a0\u00bb417&Prime; img_size=\u00a0\u00bbfull\u00a0\u00bb alignment=\u00a0\u00bbcenter\u00a0\u00bb][\/vc_column_inner][\/vc_row_inner][vc_row_inner][vc_column_inner width=\u00a0\u00bb1\/3&Prime;][vc_single_image image=\u00a0\u00bb420&Prime; img_size=\u00a0\u00bbfull\u00a0\u00bb alignment=\u00a0\u00bbcenter\u00a0\u00bb][\/vc_column_inner][vc_column_inner width=\u00a0\u00bb1\/3&Prime;][vc_single_image image=\u00a0\u00bb423&Prime; img_size=\u00a0\u00bbfull\u00a0\u00bb alignment=\u00a0\u00bbcenter\u00a0\u00bb][\/vc_column_inner][vc_column_inner width=\u00a0\u00bb1\/3&Prime;][vc_single_image image=\u00a0\u00bb426&Prime; img_size=\u00a0\u00bbfull\u00a0\u00bb alignment=\u00a0\u00bbcenter\u00a0\u00bb][\/vc_column_inner][\/vc_row_inner][\/vc_column][\/vc_row][vc_row][vc_column][vc_custom_heading text=\u00a0\u00bbMat\u00e9riel en polyur\u00e9thane flexible visco-el\u00e1stique de haute qualit\u00e9\u00a0\u00bb font_container=\u00a0\u00bbtag:h2|font_size:26px|text_align:left|color:%23000000&Prime; google_fonts=\u00a0\u00bbfont_family:Times%20New%20Roman%3Aregular|font_style:700%20bold%20italic%3A700%3Aitalic\u00a0\u00bb][vc_separator color=\u00a0\u00bbcustom\u00a0\u00bb align=\u00a0\u00bbalign_left\u00a0\u00bb border_width=\u00a0\u00bb4&Prime; accent_color=\u00a0\u00bb#5b84be\u00a0\u00bb el_class=\u00a0\u00bbline&#8211;70&Prime; css=\u00a0\u00bb.vc_custom_1531467141057{margin-bottom: 30px !important;}\u00a0\u00bb][vc_row_inner][vc_column_inner width=\u00a0\u00bb3\/4&Prime;][vc_column_text]<strong>CONFORT ET SUPPORT POUR DE BEAUX R\u00caVES<br \/>\n<\/strong><strong><em>Adaptabilit\u00e9 \u00e0 la forme du corps.<br \/>\n<\/em><\/strong><strong><em>Sensibilit\u00e9 \u00e0 la temp\u00e9rature.<br \/>\n<\/em><\/strong><strong><em>Reconnait et soulage la pression.<\/em><\/strong><\/p>\n<p>Ces trois caract\u00e9ristiques d\u00e9finissent IKON\u00ae, innovant mat\u00e9riel de polyur\u00e9thane, au toucher visqueux, qui s\u2019adapte \u00e0 la forma du corps en distribuant le poids uniform\u00e9ment, et en offrant une position optimale tout en exer\u00e7ant une pression minimale sur le corps.<\/p>\n<p>En plus, le mat\u00e9riel IKON\u00ae a \u00e9t\u00e9 con\u00e7u pour obtenir un haut niveau de transpirabilit\u00e9, permettant ainsi une plus grande recirculation de l\u2019air et de meilleurs r\u00e9sultats dans les tests de fatigue, et respecte les crit\u00e8res de confort de la r\u00e8glementation europ\u00e9enne UNE EN 31092:1996.<\/p>\n<p><strong>ENGAGEMENT<\/strong><\/p>\n<p>Le mat\u00e9riel de polyur\u00e9thane visco-\u00e9lastique de haute qualit\u00e9 IKON\u00ae r\u00e9pond aux plus stricts standards de fabrication, afin de respecter la nature tout en offrant une plus grande garantie et s\u00e9curit\u00e9 face \u00e0 la nocivit\u00e9 de ce mat\u00e9riel.<\/p>\n<p>Tout ceci est attest\u00e9 par l\u2019accomplissement du certificat HYG CEN, d\u2019exemption de cytotoxicit\u00e9s dans nos mousses, et le Oeko-Tex Standard 100, qui interdit ou limite l\u2019usage de substances toxiques. IKON\u00ae, respecte le niveau plus exigent, c\u2019est-\u00e0-dire, la Classe 1, apte pour b\u00e9b\u00e9s et enfants de 2 ans.<\/p>\n<p><strong><em>Id\u00e9al pour produits destin\u00e9s \u00e0 am\u00e9liorer la qualit\u00e9 de vie, \u00e9galement pour produits m\u00e9dicaux, g\u00e9riatrie, orthop\u00e9die et chiropractie.<\/em><\/strong>[\/vc_column_text][\/vc_column_inner][vc_column_inner width=\u00a0\u00bb1\/4&Prime;][vc_column_text css=\u00a0\u00bb.vc_custom_1531562439252{margin-bottom: 15px !important;}\u00a0\u00bb]<strong>Cat\u00e9gorie:<\/strong> <span style=\"color: #4c92c9;\">Ikon<\/span>[\/vc_column_text][vc_share_custom text=\u00a0\u00bbPARTAGEZ SUR:\u00a0\u00bb title=\u00a0\u00bbCOMPARTIR EN:\u00a0\u00bb][vc_btn title=\u00a0\u00bbT\u00c9L\u00c9CHARGER CERTIFICATS\u00a0\u00bb style=\u00a0\u00bbcustom\u00a0\u00bb custom_background=\u00a0\u00bb#000000&Prime; custom_text=\u00a0\u00bb#ffffff\u00a0\u00bb shape=\u00a0\u00bbsquare\u00a0\u00bb size=\u00a0\u00bbsm\u00a0\u00bb align=\u00a0\u00bbcenter\u00a0\u00bb button_block=\u00a0\u00bbtrue\u00a0\u00bb css=\u00a0\u00bb.vc_custom_1737481104014{margin-top: 20px !important;}\u00a0\u00bb link=\u00a0\u00bburl:https%3A%2F%2Ftorresespic.es%2Fwp-content%2Fuploads%2F2025%2F01%2FCERTIFICADOS-IKON-FRANCES25.pdf|target:_blank\u00a0\u00bb][vc_btn title=\u00a0\u00bbT\u00c9L\u00c9CHARGER LES PROPRI\u00c9T\u00c9S PHYSIQUES\u00a0\u00bb style=\u00a0\u00bbcustom\u00a0\u00bb custom_background=\u00a0\u00bb#3e85c1&Prime; custom_text=\u00a0\u00bb#ffffff\u00a0\u00bb shape=\u00a0\u00bbsquare\u00a0\u00bb size=\u00a0\u00bbsm\u00a0\u00bb align=\u00a0\u00bbcenter\u00a0\u00bb button_block=\u00a0\u00bbtrue\u00a0\u00bb link=\u00a0\u00bburl:https%3A%2F%2Ftorresespic.es%2Fwp-content%2Fuploads%2F2021%2F09%2FPROPIEDADES-FISICAS-IKON-INGLES21.pdf|target:_blank\u00a0\u00bb][\/vc_column_inner][\/vc_row_inner][\/vc_column][\/vc_row]<\/p>\n","protected":false},"excerpt":{"rendered":"<p>[vc_row css=\u00a0\u00bb.vc_custom_1531467131560{margin-top: 40px !important;margin-bottom: 40px !important;}\u00a0\u00bb][vc_column][vc_row_inner css=\u00a0\u00bb.vc_custom_1531470653209{margin-bottom: 30px !important;}\u00a0\u00bb][vc_column_inner width=\u00a0\u00bb1\/3&Prime;][vc_single_image image=\u00a0\u00bb411&Prime; img_size=\u00a0\u00bbfull\u00a0\u00bb alignment=\u00a0\u00bbcenter\u00a0\u00bb][\/vc_column_inner][vc_column_inner width=\u00a0\u00bb1\/3&Prime;][vc_single_image image=\u00a0\u00bb414&Prime; img_size=\u00a0\u00bbfull\u00a0\u00bb alignment=\u00a0\u00bbcenter\u00a0\u00bb][\/vc_column_inner][vc_column_inner width=\u00a0\u00bb1\/3&Prime;][vc_single_image image=\u00a0\u00bb417&Prime; img_size=\u00a0\u00bbfull\u00a0\u00bb alignment=\u00a0\u00bbcenter\u00a0\u00bb][\/vc_column_inner][\/vc_row_inner][vc_row_inner][vc_column_inner width=\u00a0\u00bb1\/3&Prime;][vc_single_image image=\u00a0\u00bb420&Prime; img_size=\u00a0\u00bbfull\u00a0\u00bb alignment=\u00a0\u00bbcenter\u00a0\u00bb][\/vc_column_inner][vc_column_inner width=\u00a0\u00bb1\/3&Prime;][vc_single_image image=\u00a0\u00bb423&Prime; img_size=\u00a0\u00bbfull\u00a0\u00bb alignment=\u00a0\u00bbcenter\u00a0\u00bb][\/vc_column_inner][vc_column_inner width=\u00a0\u00bb1\/3&Prime;][vc_single_image image=\u00a0\u00bb426&Prime; img_size=\u00a0\u00bbfull\u00a0\u00bb alignment=\u00a0\u00bbcenter\u00a0\u00bb][\/vc_column_inner][\/vc_row_inner][\/vc_column][\/vc_row][vc_row][vc_column][vc_custom_heading text=\u00a0\u00bbMat\u00e9riel en polyur\u00e9thane flexible visco-el\u00e1stique de haute qualit\u00e9\u00a0\u00bb font_container=\u00a0\u00bbtag:h2|font_size:26px|text_align:left|color:%23000000&Prime; google_fonts=\u00a0\u00bbfont_family:Times%20New%20Roman%3Aregular|font_style:700%20bold%20italic%3A700%3Aitalic\u00a0\u00bb][vc_separator color=\u00a0\u00bbcustom\u00a0\u00bb align=\u00a0\u00bbalign_left\u00a0\u00bb border_width=\u00a0\u00bb4&Prime; accent_color=\u00a0\u00bb#5b84be\u00a0\u00bb el_class=\u00a0\u00bbline&#8211;70&Prime; css=\u00a0\u00bb.vc_custom_1531467141057{margin-bottom: 30px !important;}\u00a0\u00bb][vc_row_inner][vc_column_inner width=\u00a0\u00bb3\/4&Prime;][vc_column_text]CONFORT ET SUPPORT POUR [&hellip;]<\/p>\n","protected":false},"author":1,"featured_media":0,"parent":589,"menu_order":3,"comment_status":"closed","ping_status":"closed","template":"page-pagination.php","meta":[],"_links":{"self":[{"href":"https:\/\/torresespic.es\/fr\/wp-json\/wp\/v2\/pages\/601"}],"collection":[{"href":"https:\/\/torresespic.es\/fr\/wp-json\/wp\/v2\/pages"}],"about":[{"href":"https:\/\/torresespic.es\/fr\/wp-json\/wp\/v2\/types\/page"}],"author":[{"embeddable":true,"href":"https:\/\/torresespic.es\/fr\/wp-json\/wp\/v2\/users\/1"}],"replies":[{"embeddable":true,"href":"https:\/\/torresespic.es\/fr\/wp-json\/wp\/v2\/comments?post=601"}],"version-history":[{"count":12,"href":"https:\/\/torresespic.es\/fr\/wp-json\/wp\/v2\/pages\/601\/revisions"}],"predecessor-version":[{"id":3971,"href":"https:\/\/torresespic.es\/fr\/wp-json\/wp\/v2\/pages\/601\/revisions\/3971"}],"up":[{"embeddable":true,"href":"https:\/\/torresespic.es\/fr\/wp-json\/wp\/v2\/pages\/589"}],"wp:attachment":[{"href":"https:\/\/torresespic.es\/fr\/wp-json\/wp\/v2\/media?parent=601"}],"curies":[{"name":"wp","href":"https:\/\/api.w.org\/{rel}","templated":true}]}}