{"id":605,"date":"2018-07-05T16:35:51","date_gmt":"2018-07-05T16:35:51","guid":{"rendered":"http:\/\/torresespic.tk\/productos\/soya\/"},"modified":"2025-01-21T17:44:53","modified_gmt":"2025-01-21T17:44:53","slug":"soya","status":"publish","type":"page","link":"https:\/\/torresespic.es\/fr\/produits\/soya\/","title":{"rendered":"Soya"},"content":{"rendered":"<p>[vc_row css=\u00a0\u00bb.vc_custom_1531467131560{margin-top: 40px !important;margin-bottom: 40px !important;}\u00a0\u00bb][vc_column][vc_row_inner css=\u00a0\u00bb.vc_custom_1531470653209{margin-bottom: 30px !important;}\u00a0\u00bb][vc_column_inner width=\u00a0\u00bb1\/3&Prime;][vc_single_image image=\u00a0\u00bb432&Prime; img_size=\u00a0\u00bbfull\u00a0\u00bb alignment=\u00a0\u00bbcenter\u00a0\u00bb][\/vc_column_inner][vc_column_inner width=\u00a0\u00bb1\/3&Prime;][vc_single_image image=\u00a0\u00bb435&Prime; img_size=\u00a0\u00bbfull\u00a0\u00bb alignment=\u00a0\u00bbcenter\u00a0\u00bb][\/vc_column_inner][vc_column_inner width=\u00a0\u00bb1\/3&Prime;][vc_single_image image=\u00a0\u00bb438&Prime; img_size=\u00a0\u00bbfull\u00a0\u00bb alignment=\u00a0\u00bbcenter\u00a0\u00bb][\/vc_column_inner][\/vc_row_inner][vc_row_inner][vc_column_inner width=\u00a0\u00bb1\/3&Prime;][vc_single_image image=\u00a0\u00bb441&Prime; img_size=\u00a0\u00bbfull\u00a0\u00bb alignment=\u00a0\u00bbcenter\u00a0\u00bb][\/vc_column_inner][vc_column_inner width=\u00a0\u00bb1\/3&Prime;][vc_single_image image=\u00a0\u00bb444&Prime; img_size=\u00a0\u00bbfull\u00a0\u00bb alignment=\u00a0\u00bbcenter\u00a0\u00bb][\/vc_column_inner][vc_column_inner width=\u00a0\u00bb1\/3&Prime;][vc_single_image image=\u00a0\u00bb447&Prime; img_size=\u00a0\u00bbfull\u00a0\u00bb alignment=\u00a0\u00bbcenter\u00a0\u00bb][\/vc_column_inner][\/vc_row_inner][\/vc_column][\/vc_row][vc_row][vc_column][vc_custom_heading text=\u00a0\u00bbMat\u00e9riel en polyur\u00e9thane flexible avec extraits d\u2019huile de soja\u00a0\u00bb font_container=\u00a0\u00bbtag:h2|font_size:26px|text_align:left|color:%23000000&Prime; google_fonts=\u00a0\u00bbfont_family:Times%20New%20Roman%3Aregular|font_style:700%20bold%20italic%3A700%3Aitalic\u00a0\u00bb][vc_separator color=\u00a0\u00bbcustom\u00a0\u00bb align=\u00a0\u00bbalign_left\u00a0\u00bb border_width=\u00a0\u00bb4&Prime; accent_color=\u00a0\u00bb#5b84be\u00a0\u00bb el_class=\u00a0\u00bbline&#8211;70&Prime; css=\u00a0\u00bb.vc_custom_1531467141057{margin-bottom: 30px !important;}\u00a0\u00bb][vc_row_inner][vc_column_inner width=\u00a0\u00bb3\/4&Prime;][vc_column_text]Pendant les derni\u00e8res d\u00e9cennies, nous sommes t\u00e9moins d\u2019une constante \u00e9volution technologique et du d\u00e9veloppement de nouveaux produits dans tous les domaines industriels. Ceci, ainsi que la pr\u00e9occupation et la sensibilisation envers l\u2019environnement et la toxicit\u00e9 de tous les produits qui nous entourent, nous a pouss\u00e9, depuis des ann\u00e9es, \u00e0 faire des recherches et \u00e0 d\u00e9velopper de nouvelles qualit\u00e9s de mousse de polyur\u00e9thane flexible qui offrent des propri\u00e9t\u00e9s de qualit\u00e9 pour les champs d\u2019application de celles-ci, et la plus stricte s\u00e9curit\u00e9 en ce qui concerne l\u2019\u00e9cologie et la toxicit\u00e9.<\/p>\n<p>Pendant les ann\u00e9es 80, nous avons renonc\u00e9 \u00e0 l\u2019utilisation de CFCs (Chlorofluorocarbones) et autres produits nocifs pour la couche d\u2019ozone. Post\u00e9rieurement, nous avons d\u00e9cid\u00e9 de fabriquer des mousses de polyur\u00e9thane en raison de l\u2019exigence de la CLASSE I indiqu\u00e9e par l\u2019organisme OEKO-TEX dans son certificat Oeko-Tex Standard 100.<\/p>\n<p>La derni\u00e8re \u00e9tape a \u00e9t\u00e9 la cr\u00e9ation d\u2019une mousse de polyur\u00e9thane \u00e0 partir d\u2019une mati\u00e8re premi\u00e8re renouvelable, l\u2019huile de soja. Toutes les mati\u00e8res premi\u00e8res sont limit\u00e9es ou non renouvelables, except\u00e9 les mati\u00e8res cultiv\u00e9es, c\u2019est pourquoi nous fournissons un mat\u00e9riel plus naturel et \u00e9cologique, puisqu\u2019il provient d\u2019une mati\u00e8re premi\u00e8re que nous offre la nature.<\/p>\n<p>Ce d\u00e9veloppement a \u00e9t\u00e9 effectu\u00e9 dans nos qualit\u00e9s SOJA. Nous rempla\u00e7ons ainsi une partie des polyols par des extraits de soja, en un pourcentage inf\u00e9rieur \u00e0 15%. Les extraits de soja utilis\u00e9s ne sont pas modifi\u00e9s g\u00e9n\u00e9tiquement. De cette fa\u00e7on, nous combinons la qualit\u00e9 d\u2019une mousse de haute r\u00e9silience, dont sa structure de cellules ouvertes permet une circulation optimale de l\u2019air et offre une plus grande et meilleure \u00e9lasticit\u00e9 et durabilit\u00e9, avec l\u2019\u00e9cologie d\u2019un produit fabriqu\u00e9 \u00e0 partir de mati\u00e8res premi\u00e8res naturelles et renouvelables \u00e0 l\u2019aide de technique qui respectent l\u2019environnement. Cette technologie est \u00e9galement pr\u00e9sente dans nos qualit\u00e9s visco-\u00e9lastiques.[\/vc_column_text][\/vc_column_inner][vc_column_inner width=\u00a0\u00bb1\/4&Prime;][vc_column_text css=\u00a0\u00bb.vc_custom_1531562601311{margin-bottom: 15px !important;}\u00a0\u00bb]<strong>Cat\u00e9gorie:<\/strong> <span style=\"color: #4c92c9;\">Soya<\/span>[\/vc_column_text][vc_share_custom text=\u00a0\u00bbPARTAGEZ SUR:\u00a0\u00bb title=\u00a0\u00bbCOMPARTIR EN:\u00a0\u00bb][vc_btn title=\u00a0\u00bbT\u00c9L\u00c9CHARGER CERTIFICATS\u00a0\u00bb style=\u00a0\u00bbcustom\u00a0\u00bb custom_background=\u00a0\u00bb#000000&Prime; custom_text=\u00a0\u00bb#ffffff\u00a0\u00bb shape=\u00a0\u00bbsquare\u00a0\u00bb size=\u00a0\u00bbsm\u00a0\u00bb align=\u00a0\u00bbcenter\u00a0\u00bb button_block=\u00a0\u00bbtrue\u00a0\u00bb css=\u00a0\u00bb.vc_custom_1737481490418{margin-top: 20px !important;}\u00a0\u00bb link=\u00a0\u00bburl:https%3A%2F%2Ftorresespic.es%2Fwp-content%2Fuploads%2F2025%2F01%2FCERTIFICADOS-SOYA-FRANCES25.pdf|target:_blank\u00a0\u00bb][vc_btn title=\u00a0\u00bbT\u00c9L\u00c9CHARGER LES PROPRI\u00c9T\u00c9S PHYSIQUES\u00a0\u00bb style=\u00a0\u00bbcustom\u00a0\u00bb custom_background=\u00a0\u00bb#3e85c1&Prime; custom_text=\u00a0\u00bb#ffffff\u00a0\u00bb shape=\u00a0\u00bbsquare\u00a0\u00bb size=\u00a0\u00bbsm\u00a0\u00bb align=\u00a0\u00bbcenter\u00a0\u00bb button_block=\u00a0\u00bbtrue\u00a0\u00bb link=\u00a0\u00bburl:https%3A%2F%2Ftorresespic.es%2Fwp-content%2Fuploads%2F2021%2F09%2FPROPIEDADES-FISICAS-SOYA-INGLES21.pdf|target:_blank\u00a0\u00bb][\/vc_column_inner][\/vc_row_inner][\/vc_column][\/vc_row]<\/p>\n","protected":false},"excerpt":{"rendered":"<p>[vc_row css=\u00a0\u00bb.vc_custom_1531467131560{margin-top: 40px !important;margin-bottom: 40px !important;}\u00a0\u00bb][vc_column][vc_row_inner css=\u00a0\u00bb.vc_custom_1531470653209{margin-bottom: 30px !important;}\u00a0\u00bb][vc_column_inner width=\u00a0\u00bb1\/3&Prime;][vc_single_image image=\u00a0\u00bb432&Prime; img_size=\u00a0\u00bbfull\u00a0\u00bb alignment=\u00a0\u00bbcenter\u00a0\u00bb][\/vc_column_inner][vc_column_inner width=\u00a0\u00bb1\/3&Prime;][vc_single_image image=\u00a0\u00bb435&Prime; img_size=\u00a0\u00bbfull\u00a0\u00bb alignment=\u00a0\u00bbcenter\u00a0\u00bb][\/vc_column_inner][vc_column_inner width=\u00a0\u00bb1\/3&Prime;][vc_single_image image=\u00a0\u00bb438&Prime; img_size=\u00a0\u00bbfull\u00a0\u00bb alignment=\u00a0\u00bbcenter\u00a0\u00bb][\/vc_column_inner][\/vc_row_inner][vc_row_inner][vc_column_inner width=\u00a0\u00bb1\/3&Prime;][vc_single_image image=\u00a0\u00bb441&Prime; img_size=\u00a0\u00bbfull\u00a0\u00bb alignment=\u00a0\u00bbcenter\u00a0\u00bb][\/vc_column_inner][vc_column_inner width=\u00a0\u00bb1\/3&Prime;][vc_single_image image=\u00a0\u00bb444&Prime; img_size=\u00a0\u00bbfull\u00a0\u00bb alignment=\u00a0\u00bbcenter\u00a0\u00bb][\/vc_column_inner][vc_column_inner width=\u00a0\u00bb1\/3&Prime;][vc_single_image image=\u00a0\u00bb447&Prime; img_size=\u00a0\u00bbfull\u00a0\u00bb alignment=\u00a0\u00bbcenter\u00a0\u00bb][\/vc_column_inner][\/vc_row_inner][\/vc_column][\/vc_row][vc_row][vc_column][vc_custom_heading text=\u00a0\u00bbMat\u00e9riel en polyur\u00e9thane flexible avec extraits d\u2019huile de soja\u00a0\u00bb font_container=\u00a0\u00bbtag:h2|font_size:26px|text_align:left|color:%23000000&Prime; google_fonts=\u00a0\u00bbfont_family:Times%20New%20Roman%3Aregular|font_style:700%20bold%20italic%3A700%3Aitalic\u00a0\u00bb][vc_separator color=\u00a0\u00bbcustom\u00a0\u00bb align=\u00a0\u00bbalign_left\u00a0\u00bb border_width=\u00a0\u00bb4&Prime; accent_color=\u00a0\u00bb#5b84be\u00a0\u00bb el_class=\u00a0\u00bbline&#8211;70&Prime; css=\u00a0\u00bb.vc_custom_1531467141057{margin-bottom: 30px !important;}\u00a0\u00bb][vc_row_inner][vc_column_inner width=\u00a0\u00bb3\/4&Prime;][vc_column_text]Pendant les derni\u00e8res [&hellip;]<\/p>\n","protected":false},"author":1,"featured_media":0,"parent":589,"menu_order":4,"comment_status":"closed","ping_status":"closed","template":"page-pagination.php","meta":[],"_links":{"self":[{"href":"https:\/\/torresespic.es\/fr\/wp-json\/wp\/v2\/pages\/605"}],"collection":[{"href":"https:\/\/torresespic.es\/fr\/wp-json\/wp\/v2\/pages"}],"about":[{"href":"https:\/\/torresespic.es\/fr\/wp-json\/wp\/v2\/types\/page"}],"author":[{"embeddable":true,"href":"https:\/\/torresespic.es\/fr\/wp-json\/wp\/v2\/users\/1"}],"replies":[{"embeddable":true,"href":"https:\/\/torresespic.es\/fr\/wp-json\/wp\/v2\/comments?post=605"}],"version-history":[{"count":11,"href":"https:\/\/torresespic.es\/fr\/wp-json\/wp\/v2\/pages\/605\/revisions"}],"predecessor-version":[{"id":3979,"href":"https:\/\/torresespic.es\/fr\/wp-json\/wp\/v2\/pages\/605\/revisions\/3979"}],"up":[{"embeddable":true,"href":"https:\/\/torresespic.es\/fr\/wp-json\/wp\/v2\/pages\/589"}],"wp:attachment":[{"href":"https:\/\/torresespic.es\/fr\/wp-json\/wp\/v2\/media?parent=605"}],"curies":[{"name":"wp","href":"https:\/\/api.w.org\/{rel}","templated":true}]}}